{"id":9367,"date":"2025-12-11T13:50:03","date_gmt":"2025-12-11T13:50:03","guid":{"rendered":"https:\/\/pathgold.co\/?page_id=9367"},"modified":"2025-12-12T17:02:54","modified_gmt":"2025-12-12T17:02:54","slug":"canal-etico","status":"publish","type":"page","link":"https:\/\/pathgold.co\/?page_id=9367","title":{"rendered":"Canal \u00e9tico"},"content":{"rendered":"\t\t<div data-elementor-type=\"wp-page\" data-elementor-id=\"9367\" class=\"elementor elementor-9367\" data-elementor-settings=\"[]\">\n\t\t\t\t\t\t\t<div class=\"elementor-section-wrap\">\n\t\t\t\t\t\t\t<section class=\"elementor-section elementor-top-section elementor-element elementor-element-6a495de elementor-section-boxed elementor-section-height-default elementor-section-height-default mkdf-parallax-row-no mkdf-content-aligment-left mkdf-elementor-row-grid-no mkdf-disabled-bg-image-bellow-no mkdf-row-btt-light\" data-id=\"6a495de\" data-element_type=\"section\">\n\t\t\t\t\t\t<div class=\"elementor-container elementor-column-gap-default\">\n\t\t\t\t\t<div class=\"elementor-column elementor-col-100 elementor-top-column elementor-element elementor-element-3734fbe\" data-id=\"3734fbe\" data-element_type=\"column\">\n\t\t\t<div class=\"elementor-widget-wrap\">\n\t\t\t\t\t\t\t\t\t<\/div>\n\t\t<\/div>\n\t\t\t\t\t\t\t<\/div>\n\t\t<\/section>\n\t\t\t\t<section class=\"elementor-section elementor-top-section elementor-element elementor-element-5573673e mkdf-elementor-row-grid-section elementor-section-boxed elementor-section-height-default elementor-section-height-default mkdf-parallax-row-no mkdf-content-aligment-left mkdf-disabled-bg-image-bellow-no mkdf-row-btt-light\" data-id=\"5573673e\" data-element_type=\"section\">\n\t\t\t\t\t\t<div class=\"elementor-container elementor-column-gap-default\">\n\t\t\t\t\t<div class=\"elementor-column elementor-col-100 elementor-top-column elementor-element elementor-element-7f21f695\" data-id=\"7f21f695\" data-element_type=\"column\">\n\t\t\t<div class=\"elementor-widget-wrap elementor-element-populated\">\n\t\t\t\t\t\t<div class=\"mkdf-elementor-row mkdf-row-with-bg-pattern\" style=\"\">\t\t<section class=\"elementor-section elementor-inner-section elementor-element elementor-element-4efc1710 elementor-section-full_width elementor-section-height-default elementor-section-height-default mkdf-parallax-row-no mkdf-content-aligment-left mkdf-elementor-row-grid-no mkdf-disabled-bg-image-bellow-no mkdf-row-btt-light\" data-id=\"4efc1710\" data-element_type=\"section\">\n\t\t\t\t\t\t<div class=\"elementor-container elementor-column-gap-default\">\n\t\t\t\t\t<div class=\"elementor-column elementor-col-50 elementor-inner-column elementor-element elementor-element-59bfc420\" data-id=\"59bfc420\" data-element_type=\"column\">\n\t\t\t<div class=\"elementor-widget-wrap elementor-element-populated\">\n\t\t\t\t\t\t\t\t<div class=\"elementor-element elementor-element-e4831f6 mkdf-appearing-section mkdf-eh-item-project elementor-widget elementor-widget-image\" data-id=\"e4831f6\" data-element_type=\"widget\" data-widget_type=\"image.default\">\n\t\t\t\t<div class=\"elementor-widget-container\">\n\t\t\t\t\t\t\t\t\t\t\t\t\t\t\t<img decoding=\"async\" src=\"https:\/\/wilmer.qodeinteractive.com\/elementor\/wp-content\/uploads\/2018\/12\/h1-img-01.jpg\" title=\"\" alt=\"\" \/>\t\t\t\t\t\t\t\t\t\t\t\t\t\t\t<\/div>\n\t\t\t\t<\/div>\n\t\t\t\t\t<\/div>\n\t\t<\/div>\n\t\t\t\t<div class=\"elementor-column elementor-col-50 elementor-inner-column elementor-element elementor-element-10aa670a\" data-id=\"10aa670a\" data-element_type=\"column\">\n\t\t\t<div class=\"elementor-widget-wrap elementor-element-populated\">\n\t\t\t\t\t\t\t\t<div class=\"elementor-element elementor-element-56fe9765 elementor-widget elementor-widget-mkdf_section_title\" data-id=\"56fe9765\" data-element_type=\"widget\" data-widget_type=\"mkdf_section_title.default\">\n\t\t\t\t<div class=\"elementor-widget-container\">\n\t\t\t<div class=\"mkdf-section-title-holder  mkdf-st-standard   \" >\n\t<div class=\"mkdf-st-inner\">\n        \t\t\t\t\t<h2 class=\"mkdf-st-title\" >\n\t\t\t\tCanal \u00e9tico\t\t\t<\/h2>\n\t\t\t\t\t\t\t<p class=\"mkdf-st-text\" style=\"margin-top: 20px\">\n\t\t\t\tC.I PATH GOLD S.A.S., ha habilitado diferentes canales de comunicaci\u00f3n como un mecanismo de confidencial, seguro y \u00e9tico que permite a empleados, contratistas, proveedores, clientes y dem\u00e1s partes interesadas reportar de manera responsable cualquier conducta irregular o contraria a la ley, a los valores corporativos o a las pol\u00edticas internas de cumplimiento. Este canal refleja el compromiso de la empresa con la transparencia, la integridad y el cumplimiento normativo en el sector de metales preciosos, garantizando que todas las operaciones se desarrollen de acuerdo con las normas nacionales e internacionales de prevenci\u00f3n del lavado de activos, financiaci\u00f3n del terrorismo, corrupci\u00f3n y soborno transnacional.\t\t\t<\/p>\n\t\t\t<\/div>\n<\/div>\t\t<\/div>\n\t\t\t\t<\/div>\n\t\t\t\t\t<\/div>\n\t\t<\/div>\n\t\t\t\t\t\t\t<\/div>\n\t\t<\/section>\n\t\t<div class=\"mkdf-row-background-pattern-holder\"><div class=\"mkdf-row-background-pattern-left\"><\/div><div class=\"mkdf-row-background-pattern-right\"><\/div><\/div><\/div>\t\t\t<\/div>\n\t\t<\/div>\n\t\t\t\t\t\t\t<\/div>\n\t\t<\/section>\n\t\t\t\t<section class=\"elementor-section elementor-top-section elementor-element elementor-element-f019c5a elementor-section-boxed elementor-section-height-default elementor-section-height-default mkdf-parallax-row-no mkdf-content-aligment-left mkdf-elementor-row-grid-no mkdf-disabled-bg-image-bellow-no mkdf-row-btt-light\" data-id=\"f019c5a\" data-element_type=\"section\">\n\t\t\t\t\t\t<div class=\"elementor-container elementor-column-gap-default\">\n\t\t\t\t\t<div class=\"elementor-column elementor-col-50 elementor-top-column elementor-element elementor-element-35a17ce\" data-id=\"35a17ce\" data-element_type=\"column\">\n\t\t\t<div class=\"elementor-widget-wrap elementor-element-populated\">\n\t\t\t\t\t\t\t\t<div class=\"elementor-element elementor-element-de83354 elementor-widget elementor-widget-heading\" data-id=\"de83354\" data-element_type=\"widget\" data-widget_type=\"heading.default\">\n\t\t\t\t<div class=\"elementor-widget-container\">\n\t\t\t<h2 class=\"elementor-heading-title elementor-size-default\">Objetivos del Canal de Denuncias<\/h2>\t\t<\/div>\n\t\t\t\t<\/div>\n\t\t\t\t\t<\/div>\n\t\t<\/div>\n\t\t\t\t<div class=\"elementor-column elementor-col-50 elementor-top-column elementor-element elementor-element-4def731\" data-id=\"4def731\" data-element_type=\"column\">\n\t\t\t<div class=\"elementor-widget-wrap elementor-element-populated\">\n\t\t\t\t\t\t\t\t<div class=\"elementor-element elementor-element-e798e0a elementor-widget elementor-widget-text-editor\" data-id=\"e798e0a\" data-element_type=\"widget\" data-widget_type=\"text-editor.default\">\n\t\t\t\t<div class=\"elementor-widget-container\">\n\t\t\t\t\t\t\t<ol><li>Fomentar la \u00e9tica y la transparencia\u00a0en todas las operaciones de la empresa.<\/li><li>Detectar y prevenir\u00a0de forma temprana actos de corrupci\u00f3n, fraude, lavado de activos, financiaci\u00f3n del terrorismo o cualquier conducta irregular.<\/li><li>Investigar\u00a0de forma objetiva y confidencial las conductas presuntamente relacionadas con fraude, corrupci\u00f3n o violaciones \u00e9ticas.<\/li><li>Atender y orientar\u00a0las consultas o dilemas \u00e9ticos reportados por medio del canal.<\/li><li><strong>Adoptar medidas preventivas y correctivas<\/strong>\u00a0seg\u00fan los riesgos identificados en las verificaciones o investigaciones realizadas.<\/li><li>Garantizar la confidencialidad y protecci\u00f3n\u00a0de los denunciantes de buena fe, evitando represalias.<\/li><li>Proteger la reputaci\u00f3n y sostenibilidad\u00a0de la empresa ante sus grupos de inter\u00e9s.<\/li><li>Asegurar una gesti\u00f3n objetiva, imparcial y oportuna\u00a0de todas las denuncias recibidas.<\/li><\/ol>\t\t\t\t\t\t<\/div>\n\t\t\t\t<\/div>\n\t\t\t\t\t<\/div>\n\t\t<\/div>\n\t\t\t\t\t\t\t<\/div>\n\t\t<\/section>\n\t\t\t\t<section class=\"elementor-section elementor-top-section elementor-element elementor-element-52f2e86 elementor-section-boxed elementor-section-height-default elementor-section-height-default mkdf-parallax-row-no mkdf-content-aligment-left mkdf-elementor-row-grid-no mkdf-disabled-bg-image-bellow-no mkdf-row-btt-light\" data-id=\"52f2e86\" data-element_type=\"section\">\n\t\t\t\t\t\t<div class=\"elementor-container elementor-column-gap-default\">\n\t\t\t\t\t<div class=\"elementor-column elementor-col-50 elementor-top-column elementor-element elementor-element-40b3915\" data-id=\"40b3915\" data-element_type=\"column\">\n\t\t\t<div class=\"elementor-widget-wrap elementor-element-populated\">\n\t\t\t\t\t\t\t\t<div class=\"elementor-element elementor-element-f0d77a4 elementor-widget elementor-widget-heading\" data-id=\"f0d77a4\" data-element_type=\"widget\" data-widget_type=\"heading.default\">\n\t\t\t\t<div class=\"elementor-widget-container\">\n\t\t\t<h4 class=\"elementor-heading-title elementor-size-default\">\u00bf Cu\u00e1les son los medios para presentar una denuncia o consulta \u00e9tica?<\/h4>\t\t<\/div>\n\t\t\t\t<\/div>\n\t\t\t\t\t<\/div>\n\t\t<\/div>\n\t\t\t\t<div class=\"elementor-column elementor-col-50 elementor-top-column elementor-element elementor-element-96c0e30\" data-id=\"96c0e30\" data-element_type=\"column\">\n\t\t\t<div class=\"elementor-widget-wrap elementor-element-populated\">\n\t\t\t\t\t\t\t\t<div class=\"elementor-element elementor-element-8e54a9d elementor-widget elementor-widget-text-editor\" data-id=\"8e54a9d\" data-element_type=\"widget\" data-widget_type=\"text-editor.default\">\n\t\t\t\t<div class=\"elementor-widget-container\">\n\t\t\t\t\t\t\t<p><strong>PAG\u00cdNA WEB<\/strong><\/p><p><a href=\"https:\/\/pathgold.co\/?page_id=9377\">Haga su reporte<\/a> <\/p><p><strong>Correo electr\u00f3nico: <\/strong><\/p><p><a href=\"mailto:canaleticopathgold@gmail.com\">canaleticopathgold@gmail.com<\/a><\/p>\t\t\t\t\t\t<\/div>\n\t\t\t\t<\/div>\n\t\t\t\t\t<\/div>\n\t\t<\/div>\n\t\t\t\t\t\t\t<\/div>\n\t\t<\/section>\n\t\t\t\t<section class=\"elementor-section elementor-top-section elementor-element elementor-element-f294aac elementor-section-boxed elementor-section-height-default elementor-section-height-default mkdf-parallax-row-no mkdf-content-aligment-left mkdf-elementor-row-grid-no mkdf-disabled-bg-image-bellow-no mkdf-row-btt-light\" data-id=\"f294aac\" data-element_type=\"section\">\n\t\t\t\t\t\t<div class=\"elementor-container elementor-column-gap-default\">\n\t\t\t\t\t<div class=\"elementor-column elementor-col-100 elementor-top-column elementor-element elementor-element-fcf8b42\" data-id=\"fcf8b42\" data-element_type=\"column\">\n\t\t\t<div class=\"elementor-widget-wrap elementor-element-populated\">\n\t\t\t\t\t\t\t\t<div class=\"elementor-element elementor-element-19058c2 elementor-align-center elementor-widget elementor-widget-button\" data-id=\"19058c2\" data-element_type=\"widget\" data-widget_type=\"button.default\">\n\t\t\t\t<div class=\"elementor-widget-container\">\n\t\t\t\t\t<div class=\"elementor-button-wrapper\">\n\t\t\t<a href=\"https:\/\/pathgold.co\/?page_id=9377\" class=\"elementor-button-link elementor-button elementor-size-sm\" role=\"button\">\n\t\t\t\t\t\t<span class=\"elementor-button-content-wrapper\">\n\t\t\t\t\t\t<span class=\"elementor-button-text\">Hacer Reporte<\/span>\n\t\t<\/span>\n\t\t\t\t\t<\/a>\n\t\t<\/div>\n\t\t\t\t<\/div>\n\t\t\t\t<\/div>\n\t\t\t\t\t<\/div>\n\t\t<\/div>\n\t\t\t\t\t\t\t<\/div>\n\t\t<\/section>\n\t\t\t\t<section class=\"elementor-section elementor-top-section elementor-element elementor-element-951e236 elementor-section-boxed elementor-section-height-default elementor-section-height-default mkdf-parallax-row-no mkdf-content-aligment-left mkdf-elementor-row-grid-no mkdf-disabled-bg-image-bellow-no mkdf-row-btt-light\" data-id=\"951e236\" data-element_type=\"section\">\n\t\t\t\t\t\t<div class=\"elementor-container elementor-column-gap-default\">\n\t\t\t\t\t<div class=\"elementor-column elementor-col-100 elementor-top-column elementor-element elementor-element-f7510ff\" data-id=\"f7510ff\" data-element_type=\"column\">\n\t\t\t<div class=\"elementor-widget-wrap elementor-element-populated\">\n\t\t\t\t\t\t\t\t<div class=\"elementor-element elementor-element-9c4327f elementor-widget elementor-widget-accordion\" data-id=\"9c4327f\" data-element_type=\"widget\" data-widget_type=\"accordion.default\">\n\t\t\t\t<div class=\"elementor-widget-container\">\n\t\t\t\t\t<div class=\"elementor-accordion\" role=\"tablist\">\n\t\t\t\t\t\t\t<div class=\"elementor-accordion-item\">\n\t\t\t\t\t<div id=\"elementor-tab-title-1631\" class=\"elementor-tab-title\" data-tab=\"1\" role=\"tab\" aria-controls=\"elementor-tab-content-1631\" aria-expanded=\"false\">\n\t\t\t\t\t\t\t\t\t\t\t\t\t<span class=\"elementor-accordion-icon elementor-accordion-icon-left\" aria-hidden=\"true\">\n\t\t\t\t\t\t\t\t\t\t\t\t\t\t\t<span class=\"elementor-accordion-icon-closed\"><i class=\"fas fa-plus\"><\/i><\/span>\n\t\t\t\t\t\t\t\t<span class=\"elementor-accordion-icon-opened\"><i class=\"fas fa-minus\"><\/i><\/span>\n\t\t\t\t\t\t\t\t\t\t\t\t\t\t<\/span>\n\t\t\t\t\t\t\t\t\t\t\t\t<a class=\"elementor-accordion-title\" href=\"\">\u00bfQui\u00e9nes pueden utilizar el canal \u00e9tico?<\/a>\n\t\t\t\t\t<\/div>\n\t\t\t\t\t<div id=\"elementor-tab-content-1631\" class=\"elementor-tab-content elementor-clearfix\" data-tab=\"1\" role=\"tabpanel\" aria-labelledby=\"elementor-tab-title-1631\"><p>El canal de denuncias est\u00e1 disponible para todos los colaboradores internos y externos de la organizaci\u00f3n, incluyendo empleados, proveedores, contratistas, clientes, socios comerciales y cualquier persona que tenga conocimiento de un posible acto irregular relacionado con las operaciones de la compa\u00f1\u00eda. El acceso es p\u00fablico y no requiere identificaci\u00f3n obligatoria, permitiendo denuncias an\u00f3nimas cuando el denunciante as\u00ed lo prefiera. En todos los casos, se garantiza la confidencialidad, la protecci\u00f3n de datos personales y la prohibici\u00f3n de cualquier tipo de represalia contra quien de buena fe reporte un hecho o conducta irregular.<\/p><\/div>\n\t\t\t\t<\/div>\n\t\t\t\t\t\t\t<div class=\"elementor-accordion-item\">\n\t\t\t\t\t<div id=\"elementor-tab-title-1632\" class=\"elementor-tab-title\" data-tab=\"2\" role=\"tab\" aria-controls=\"elementor-tab-content-1632\" aria-expanded=\"false\">\n\t\t\t\t\t\t\t\t\t\t\t\t\t<span class=\"elementor-accordion-icon elementor-accordion-icon-left\" aria-hidden=\"true\">\n\t\t\t\t\t\t\t\t\t\t\t\t\t\t\t<span class=\"elementor-accordion-icon-closed\"><i class=\"fas fa-plus\"><\/i><\/span>\n\t\t\t\t\t\t\t\t<span class=\"elementor-accordion-icon-opened\"><i class=\"fas fa-minus\"><\/i><\/span>\n\t\t\t\t\t\t\t\t\t\t\t\t\t\t<\/span>\n\t\t\t\t\t\t\t\t\t\t\t\t<a class=\"elementor-accordion-title\" href=\"\">\u00bfQu\u00e9 se puede reportar a trav\u00e9s del Canal \u00e9tico?<\/a>\n\t\t\t\t\t<\/div>\n\t\t\t\t\t<div id=\"elementor-tab-content-1632\" class=\"elementor-tab-content elementor-clearfix\" data-tab=\"2\" role=\"tabpanel\" aria-labelledby=\"elementor-tab-title-1632\"><p>Los hechos relacionados con corrupci\u00f3n, soborno, fraude, lavado de activos, financiaci\u00f3n del terrorismo, violaciones a los derechos humanos, conflictos de inter\u00e9s, incumplimientos del SAGRILAFT o del PTEE, manejo inadecuado de informaci\u00f3n confidencial, infracciones a las normas ambientales o de seguridad minera, as\u00ed como cualquier otra conducta que atente contra la \u00e9tica, las pol\u00edticas internas o la normativa vigente. Todas las denuncias recibidas ser\u00e1n analizadas por el Oficial de Cumplimiento, quien evaluar\u00e1 su veracidad y definir\u00e1 las acciones correspondientes conforme a los procedimientos establecidos.<\/p><\/div>\n\t\t\t\t<\/div>\n\t\t\t\t\t\t\t<div class=\"elementor-accordion-item\">\n\t\t\t\t\t<div id=\"elementor-tab-title-1633\" class=\"elementor-tab-title\" data-tab=\"3\" role=\"tab\" aria-controls=\"elementor-tab-content-1633\" aria-expanded=\"false\">\n\t\t\t\t\t\t\t\t\t\t\t\t\t<span class=\"elementor-accordion-icon elementor-accordion-icon-left\" aria-hidden=\"true\">\n\t\t\t\t\t\t\t\t\t\t\t\t\t\t\t<span class=\"elementor-accordion-icon-closed\"><i class=\"fas fa-plus\"><\/i><\/span>\n\t\t\t\t\t\t\t\t<span class=\"elementor-accordion-icon-opened\"><i class=\"fas fa-minus\"><\/i><\/span>\n\t\t\t\t\t\t\t\t\t\t\t\t\t\t<\/span>\n\t\t\t\t\t\t\t\t\t\t\t\t<a class=\"elementor-accordion-title\" href=\"\">\u00bf C\u00f3mo puedo darle seguimiento al reporte realizado por el Canal \u00e9tico?<\/a>\n\t\t\t\t\t<\/div>\n\t\t\t\t\t<div id=\"elementor-tab-content-1633\" class=\"elementor-tab-content elementor-clearfix\" data-tab=\"3\" role=\"tabpanel\" aria-labelledby=\"elementor-tab-title-1633\"><p>El seguimiento a los reportes recibidos a trav\u00e9s del canal \u00e9tico se realizar\u00e1 mediante un correo electr\u00f3nico,\u00a0 que permitir\u00e1 su trazabilidad y control. El Oficial de Cumplimiento o el Comit\u00e9 de \u00c9tica registrar\u00e1 y clasificar\u00e1 la denuncia, efectuar\u00e1 una verificaci\u00f3n preliminar y, de ser necesario, abrir\u00e1 una investigaci\u00f3n formal. Durante el proceso se garantizar\u00e1 la confidencialidad de la informaci\u00f3n y, cuando sea posible, se informar\u00e1 al denunciante sobre el estado general del caso sin revelar detalles sensibles. La empresa se compromete a brindar una <strong>respuesta inicial en un plazo m\u00e1ximo de diez (10) d\u00edas h\u00e1biles<\/strong>\u00a0contados a partir de la recepci\u00f3n del reporte, documentando el cierre y las medidas adoptadas, y promoviendo la mejora continua del sistema de cumplimiento y \u00e9tica empresarial.<\/p><\/div>\n\t\t\t\t<\/div>\n\t\t\t\t\t\t\t\t<\/div>\n\t\t\t\t<\/div>\n\t\t\t\t<\/div>\n\t\t\t\t\t<\/div>\n\t\t<\/div>\n\t\t\t\t\t\t\t<\/div>\n\t\t<\/section>\n\t\t\t\t<section class=\"elementor-section elementor-top-section elementor-element elementor-element-1d48c7c elementor-section-boxed elementor-section-height-default elementor-section-height-default mkdf-parallax-row-no mkdf-content-aligment-left mkdf-elementor-row-grid-no mkdf-disabled-bg-image-bellow-no mkdf-row-btt-light\" data-id=\"1d48c7c\" data-element_type=\"section\">\n\t\t\t\t\t\t<div class=\"elementor-container elementor-column-gap-default\">\n\t\t\t\t\t<div class=\"elementor-column elementor-col-100 elementor-top-column elementor-element elementor-element-80c7028\" data-id=\"80c7028\" data-element_type=\"column\">\n\t\t\t<div class=\"elementor-widget-wrap\">\n\t\t\t\t\t\t\t\t\t<\/div>\n\t\t<\/div>\n\t\t\t\t\t\t\t<\/div>\n\t\t<\/section>\n\t\t\t\t<section class=\"elementor-section elementor-top-section elementor-element elementor-element-5971c6d elementor-section-boxed elementor-section-height-default elementor-section-height-default mkdf-parallax-row-no mkdf-content-aligment-left mkdf-elementor-row-grid-no mkdf-disabled-bg-image-bellow-no mkdf-row-btt-light\" data-id=\"5971c6d\" data-element_type=\"section\">\n\t\t\t\t\t\t<div class=\"elementor-container elementor-column-gap-default\">\n\t\t\t\t\t<div class=\"elementor-column elementor-col-100 elementor-top-column elementor-element elementor-element-31d3874\" data-id=\"31d3874\" data-element_type=\"column\">\n\t\t\t<div class=\"elementor-widget-wrap elementor-element-populated\">\n\t\t\t\t\t\t\t\t<div class=\"elementor-element elementor-element-3fd6a0a elementor-aspect-ratio-169 elementor-widget elementor-widget-video\" data-id=\"3fd6a0a\" data-element_type=\"widget\" data-settings=\"{&quot;video_type&quot;:&quot;hosted&quot;,&quot;controls&quot;:&quot;yes&quot;,&quot;aspect_ratio&quot;:&quot;169&quot;}\" data-widget_type=\"video.default\">\n\t\t\t\t<div class=\"elementor-widget-container\">\n\t\t\t\t\t<div class=\"e-hosted-video elementor-wrapper elementor-fit-aspect-ratio elementor-open-inline\">\n\t\t\t\t\t<video class=\"elementor-video\" src=\"https:\/\/pathgold.co\/wp-content\/uploads\/2025\/12\/Capacitacion-PAthgold.mp4\" controls=\"\" controlsList=\"nodownload\"><\/video>\n\t\t\t\t<\/div>\n\t\t\t\t<\/div>\n\t\t\t\t<\/div>\n\t\t\t\t\t<\/div>\n\t\t<\/div>\n\t\t\t\t\t\t\t<\/div>\n\t\t<\/section>\n\t\t\t\t\t\t<\/div>\n\t\t\t\t\t<\/div>\n\t\t","protected":false},"excerpt":{"rendered":"<p>Canal \u00e9tico C.I PATH GOLD S.A.S., ha habilitado diferentes canales de comunicaci\u00f3n como un mecanismo de confidencial, seguro y \u00e9tico que permite a empleados, contratistas, proveedores, clientes y dem\u00e1s partes interesadas reportar de manera responsable cualquier conducta irregular o contraria [&hellip;]<\/p>\n","protected":false},"author":1,"featured_media":0,"parent":0,"menu_order":0,"comment_status":"closed","ping_status":"closed","template":"","meta":{"footnotes":""},"class_list":["post-9367","page","type-page","status-publish","hentry"],"_links":{"self":[{"href":"https:\/\/pathgold.co\/index.php?rest_route=\/wp\/v2\/pages\/9367","targetHints":{"allow":["GET"]}}],"collection":[{"href":"https:\/\/pathgold.co\/index.php?rest_route=\/wp\/v2\/pages"}],"about":[{"href":"https:\/\/pathgold.co\/index.php?rest_route=\/wp\/v2\/types\/page"}],"author":[{"embeddable":true,"href":"https:\/\/pathgold.co\/index.php?rest_route=\/wp\/v2\/users\/1"}],"replies":[{"embeddable":true,"href":"https:\/\/pathgold.co\/index.php?rest_route=%2Fwp%2Fv2%2Fcomments&post=9367"}],"version-history":[{"count":16,"href":"https:\/\/pathgold.co\/index.php?rest_route=\/wp\/v2\/pages\/9367\/revisions"}],"predecessor-version":[{"id":9414,"href":"https:\/\/pathgold.co\/index.php?rest_route=\/wp\/v2\/pages\/9367\/revisions\/9414"}],"wp:attachment":[{"href":"https:\/\/pathgold.co\/index.php?rest_route=%2Fwp%2Fv2%2Fmedia&parent=9367"}],"curies":[{"name":"wp","href":"https:\/\/api.w.org\/{rel}","templated":true}]}}