{"id":25,"date":"2018-12-05T12:44:22","date_gmt":"2018-12-05T12:44:22","guid":{"rendered":"https:\/\/wilmer.qodeinteractive.com\/elementor\/?page_id=25"},"modified":"2021-12-21T23:06:41","modified_gmt":"2021-12-21T23:06:41","slug":"main-home","status":"publish","type":"page","link":"https:\/\/pathgold.co\/","title":{"rendered":"Main Home"},"content":{"rendered":"\t\t<div data-elementor-type=\"wp-page\" data-elementor-id=\"25\" class=\"elementor elementor-25\" data-elementor-settings=\"[]\">\n\t\t\t\t\t\t\t<div class=\"elementor-section-wrap\">\n\t\t\t\t\t<div class=\"mkdf-elementor-row\" style=\"\">\t\t<section class=\"elementor-section elementor-top-section elementor-element elementor-element-c562b46 mkdf-elementor-row-grid-section elementor-section-boxed elementor-section-height-default elementor-section-height-default mkdf-parallax-row-no mkdf-content-aligment-left mkdf-disabled-bg-image-bellow-no mkdf-row-btt-light\" data-id=\"c562b46\" data-element_type=\"section\">\n\t\t\t\t\t\t<div class=\"elementor-container elementor-column-gap-default\">\n\t\t\t\t\t<div class=\"elementor-column elementor-col-100 elementor-top-column elementor-element elementor-element-b15a2ca\" data-id=\"b15a2ca\" data-element_type=\"column\">\n\t\t\t<div class=\"elementor-widget-wrap elementor-element-populated\">\n\t\t\t\t\t\t\t\t<div class=\"elementor-element elementor-element-5caeb25 elementor-widget elementor-widget-text-editor\" data-id=\"5caeb25\" data-element_type=\"widget\" data-widget_type=\"text-editor.default\">\n\t\t\t\t<div class=\"elementor-widget-container\">\n\t\t\t\t\t\t\t<h1>Nosotros<\/h1>\t\t\t\t\t\t<\/div>\n\t\t\t\t<\/div>\n\t\t\t\t\t<\/div>\n\t\t<\/div>\n\t\t\t\t\t\t\t<\/div>\n\t\t<\/section>\n\t\t<div class=\"mkdf-row-background-text-holder mkdf-row-background-text-front\"><div class=\"mkdf-row-background-text-wrapper mkdf-row-background-text-animation mkdf-row-background-text-align-left\"><div class=\"mkdf-row-background-text-wrapper-inner\" style=\"font-size:180px;text-align:left;vertical-align:middle;padding-left:220px\" data-font-size-1440=180px data-font-size-1280=180px data-padding-left-size-1440=4.3% data-padding-left-size-1280=4.3%><div class=\"mkdf-row-background-text-1\">Service<\/div><\/div><\/div><\/div><\/div>\t\t<section class=\"elementor-section elementor-top-section elementor-element elementor-element-338d00cc mkdf-elementor-row-grid-section elementor-section-boxed elementor-section-height-default elementor-section-height-default mkdf-parallax-row-no mkdf-content-aligment-left mkdf-disabled-bg-image-bellow-no mkdf-row-btt-light\" data-id=\"338d00cc\" data-element_type=\"section\">\n\t\t\t\t\t\t<div class=\"elementor-container elementor-column-gap-default\">\n\t\t\t\t\t<div class=\"elementor-column elementor-col-100 elementor-top-column elementor-element elementor-element-d5acc66\" data-id=\"d5acc66\" data-element_type=\"column\">\n\t\t\t<div class=\"elementor-widget-wrap elementor-element-populated\">\n\t\t\t\t\t\t<div class=\"mkdf-elementor-row mkdf-row-with-bg-pattern\" style=\"\">\t\t<section class=\"elementor-section elementor-inner-section elementor-element elementor-element-584e799b elementor-section-full_width elementor-section-height-default elementor-section-height-default mkdf-parallax-row-no mkdf-content-aligment-left mkdf-elementor-row-grid-no mkdf-disabled-bg-image-bellow-no mkdf-row-btt-light\" data-id=\"584e799b\" data-element_type=\"section\">\n\t\t\t\t\t\t<div class=\"elementor-container elementor-column-gap-default\">\n\t\t\t\t\t<div class=\"elementor-column elementor-col-50 elementor-inner-column elementor-element elementor-element-6cd90b69\" data-id=\"6cd90b69\" data-element_type=\"column\">\n\t\t\t<div class=\"elementor-widget-wrap elementor-element-populated\">\n\t\t\t\t\t\t\t\t<div class=\"elementor-element elementor-element-78dbe8ab mkdf-appearing-section mkdf-eh-item-project elementor-widget elementor-widget-image\" data-id=\"78dbe8ab\" data-element_type=\"widget\" data-widget_type=\"image.default\">\n\t\t\t\t<div class=\"elementor-widget-container\">\n\t\t\t\t\t\t\t\t\t\t\t\t\t\t\t<img loading=\"lazy\" decoding=\"async\" width=\"800\" height=\"600\" src=\"https:\/\/pathgold.co\/wp-content\/uploads\/2021\/12\/gold-123rf.jpg\" class=\"attachment-large size-large\" alt=\"\" srcset=\"https:\/\/pathgold.co\/wp-content\/uploads\/2021\/12\/gold-123rf.jpg 800w, https:\/\/pathgold.co\/wp-content\/uploads\/2021\/12\/gold-123rf-300x225.jpg 300w, https:\/\/pathgold.co\/wp-content\/uploads\/2021\/12\/gold-123rf-768x576.jpg 768w, https:\/\/pathgold.co\/wp-content\/uploads\/2021\/12\/gold-123rf-600x450.jpg 600w\" sizes=\"auto, (max-width: 800px) 100vw, 800px\" \/>\t\t\t\t\t\t\t\t\t\t\t\t\t\t\t<\/div>\n\t\t\t\t<\/div>\n\t\t\t\t\t<\/div>\n\t\t<\/div>\n\t\t\t\t<div class=\"elementor-column elementor-col-50 elementor-inner-column elementor-element elementor-element-68cc1502\" data-id=\"68cc1502\" data-element_type=\"column\">\n\t\t\t<div class=\"elementor-widget-wrap elementor-element-populated\">\n\t\t\t\t\t\t\t\t<div class=\"elementor-element elementor-element-3528709 elementor-widget elementor-widget-mkdf_section_title\" data-id=\"3528709\" data-element_type=\"widget\" data-widget_type=\"mkdf_section_title.default\">\n\t\t\t\t<div class=\"elementor-widget-container\">\n\t\t\t<div class=\"mkdf-section-title-holder  mkdf-st-standard   \" >\n\t<div class=\"mkdf-st-inner\">\n        \t\t\t\t\t<h2 class=\"mkdf-st-title\" style=\"color: #000000\">\n\t\t\t\tQuienes Somos?\t\t\t<\/h2>\n\t\t\t\t\t\t\t<p class=\"mkdf-st-text\" style=\"margin-top: 20px\">\n\t\t\t\tSomos una compa\u00f1\u00eda dedicada a la compra nacional y exportaci\u00f3n de metales preciosos, que implementa est\u00e1ndares internacionales de cumplimiento normativo y mitigaci\u00f3n de riesgos a lo largo de la cadena de suministro, que permiten el comercio justo y la responsabilidad social en las operaciones.\t\t\t<\/p>\n\t\t\t<\/div>\n<\/div>\t\t<\/div>\n\t\t\t\t<\/div>\n\t\t\t\t\t<\/div>\n\t\t<\/div>\n\t\t\t\t\t\t\t<\/div>\n\t\t<\/section>\n\t\t<div class=\"mkdf-row-background-pattern-holder\"><div class=\"mkdf-row-background-pattern-left\"><\/div><div class=\"mkdf-row-background-pattern-right\"><\/div><\/div><\/div><div class=\"mkdf-elementor-row mkdf-row-with-bg-pattern\" style=\"\">\t\t<section class=\"elementor-section elementor-inner-section elementor-element elementor-element-fb52f3b elementor-section-full_width elementor-section-height-default elementor-section-height-default mkdf-parallax-row-no mkdf-content-aligment-left mkdf-elementor-row-grid-no mkdf-disabled-bg-image-bellow-no mkdf-row-btt-light\" data-id=\"fb52f3b\" data-element_type=\"section\">\n\t\t\t\t\t\t<div class=\"elementor-container elementor-column-gap-default\">\n\t\t\t\t\t<div class=\"elementor-column elementor-col-50 elementor-inner-column elementor-element elementor-element-4596643\" data-id=\"4596643\" data-element_type=\"column\">\n\t\t\t<div class=\"elementor-widget-wrap elementor-element-populated\">\n\t\t\t\t\t\t\t\t<div class=\"elementor-element elementor-element-ec315fa elementor-widget elementor-widget-mkdf_section_title\" data-id=\"ec315fa\" data-element_type=\"widget\" data-widget_type=\"mkdf_section_title.default\">\n\t\t\t\t<div class=\"elementor-widget-container\">\n\t\t\t<div class=\"mkdf-section-title-holder  mkdf-st-standard   \" >\n\t<div class=\"mkdf-st-inner\">\n        \t\t\t\t\t<h2 class=\"mkdf-st-title\" style=\"color: #000000\">\n\t\t\t\tPara donde vamos? \t\t\t<\/h2>\n\t\t\t\t\t\t\t<p class=\"mkdf-st-text\" style=\"margin-top: 20px\">\n\t\t\t\tSer una compa\u00f1\u00eda fortalecida en sus est\u00e1ndares, transparente y coherente en sus operaciones, diferente con sus procesos, competitiva en el sector debido a sus pr\u00e1cticas responsables y de comercio justo.\t\t\t<\/p>\n\t\t\t<\/div>\n<\/div>\t\t<\/div>\n\t\t\t\t<\/div>\n\t\t\t\t\t<\/div>\n\t\t<\/div>\n\t\t\t\t<div class=\"elementor-column elementor-col-50 elementor-inner-column elementor-element elementor-element-2140922\" data-id=\"2140922\" data-element_type=\"column\">\n\t\t\t<div class=\"elementor-widget-wrap elementor-element-populated\">\n\t\t\t\t\t\t\t\t<div class=\"elementor-element elementor-element-782a134 mkdf-appearing-section mkdf-eh-item-project elementor-widget elementor-widget-image\" data-id=\"782a134\" data-element_type=\"widget\" data-widget_type=\"image.default\">\n\t\t\t\t<div class=\"elementor-widget-container\">\n\t\t\t\t\t\t\t\t\t\t\t\t\t\t\t<img loading=\"lazy\" decoding=\"async\" width=\"1024\" height=\"555\" src=\"https:\/\/pathgold.co\/wp-content\/uploads\/2021\/12\/harmony_gold-anglogold-1024x555.jpg\" class=\"attachment-large size-large\" alt=\"\" srcset=\"https:\/\/pathgold.co\/wp-content\/uploads\/2021\/12\/harmony_gold-anglogold-1024x555.jpg 1024w, https:\/\/pathgold.co\/wp-content\/uploads\/2021\/12\/harmony_gold-anglogold-300x163.jpg 300w, https:\/\/pathgold.co\/wp-content\/uploads\/2021\/12\/harmony_gold-anglogold-768x416.jpg 768w, https:\/\/pathgold.co\/wp-content\/uploads\/2021\/12\/harmony_gold-anglogold-600x325.jpg 600w, https:\/\/pathgold.co\/wp-content\/uploads\/2021\/12\/harmony_gold-anglogold.jpg 1200w\" sizes=\"auto, (max-width: 1024px) 100vw, 1024px\" \/>\t\t\t\t\t\t\t\t\t\t\t\t\t\t\t<\/div>\n\t\t\t\t<\/div>\n\t\t\t\t\t<\/div>\n\t\t<\/div>\n\t\t\t\t\t\t\t<\/div>\n\t\t<\/section>\n\t\t<div class=\"mkdf-row-background-pattern-holder\"><div class=\"mkdf-row-background-pattern-left\"><\/div><div class=\"mkdf-row-background-pattern-right\"><\/div><\/div><\/div>\t\t\t<\/div>\n\t\t<\/div>\n\t\t\t\t\t\t\t<\/div>\n\t\t<\/section>\n\t\t<div class=\"mkdf-elementor-row mkdf-row-with-bg-pattern\" style=\"\">\t\t<section class=\"elementor-section elementor-top-section elementor-element elementor-element-1a70ace mkdf-elementor-row-grid-section elementor-section-boxed elementor-section-height-default elementor-section-height-default mkdf-parallax-row-no mkdf-content-aligment-left mkdf-disabled-bg-image-bellow-no mkdf-row-btt-light\" data-id=\"1a70ace\" data-element_type=\"section\">\n\t\t\t\t\t\t<div class=\"elementor-container elementor-column-gap-default\">\n\t\t\t\t\t<div class=\"elementor-column elementor-col-50 elementor-top-column elementor-element elementor-element-525eaae mkdf-appearing-section\" data-id=\"525eaae\" data-element_type=\"column\">\n\t\t\t<div class=\"elementor-widget-wrap elementor-element-populated\">\n\t\t\t\t\t\t\t\t<div class=\"elementor-element elementor-element-8dba6d8 elementor-widget elementor-widget-image\" data-id=\"8dba6d8\" data-element_type=\"widget\" data-widget_type=\"image.default\">\n\t\t\t\t<div class=\"elementor-widget-container\">\n\t\t\t\t\t\t\t\t\t\t\t\t\t\t\t<img loading=\"lazy\" decoding=\"async\" width=\"1024\" height=\"1024\" src=\"https:\/\/pathgold.co\/wp-content\/uploads\/2021\/12\/gold-industry-m-and-a-1536x1536-1-1024x1024.png\" class=\"attachment-large size-large\" alt=\"\" srcset=\"https:\/\/pathgold.co\/wp-content\/uploads\/2021\/12\/gold-industry-m-and-a-1536x1536-1-1024x1024.png 1024w, https:\/\/pathgold.co\/wp-content\/uploads\/2021\/12\/gold-industry-m-and-a-1536x1536-1-300x300.png 300w, https:\/\/pathgold.co\/wp-content\/uploads\/2021\/12\/gold-industry-m-and-a-1536x1536-1-150x150.png 150w, https:\/\/pathgold.co\/wp-content\/uploads\/2021\/12\/gold-industry-m-and-a-1536x1536-1-768x768.png 768w, https:\/\/pathgold.co\/wp-content\/uploads\/2021\/12\/gold-industry-m-and-a-1536x1536-1.png 1536w, https:\/\/pathgold.co\/wp-content\/uploads\/2021\/12\/gold-industry-m-and-a-1536x1536-1-650x650.png 650w, https:\/\/pathgold.co\/wp-content\/uploads\/2021\/12\/gold-industry-m-and-a-1536x1536-1-1300x1300.png 1300w, https:\/\/pathgold.co\/wp-content\/uploads\/2021\/12\/gold-industry-m-and-a-1536x1536-1-600x600.png 600w, https:\/\/pathgold.co\/wp-content\/uploads\/2021\/12\/gold-industry-m-and-a-1536x1536-1-100x100.png 100w\" sizes=\"auto, (max-width: 1024px) 100vw, 1024px\" \/>\t\t\t\t\t\t\t\t\t\t\t\t\t\t\t<\/div>\n\t\t\t\t<\/div>\n\t\t\t\t\t<\/div>\n\t\t<\/div>\n\t\t\t\t<div class=\"elementor-column elementor-col-50 elementor-top-column elementor-element elementor-element-191bd0a\" data-id=\"191bd0a\" data-element_type=\"column\">\n\t\t\t<div class=\"elementor-widget-wrap elementor-element-populated\">\n\t\t\t\t\t\t\t\t<div class=\"elementor-element elementor-element-bfed3c3 elementor-widget elementor-widget-mkdf_accordion\" data-id=\"bfed3c3\" data-element_type=\"widget\" data-widget_type=\"mkdf_accordion.default\">\n\t\t\t\t<div class=\"elementor-widget-container\">\n\t\t\t\n        <div class=\"mkdf-accordion-holder mkdf-ac-default  mkdf-accordion mkdf-ac-boxed mkdf-white-skin   clearfix\">\n            <h4 class=\"mkdf-accordion-title\" >\n<span class=\"mkdf-tab-title\">Cumplimiento normativo y legalidad<\/span>\n<span class=\"mkdf-accordion-mark\">\n\t\t<span class=\"mkdf_icon_plus icon_plus\"><\/span>\n\t\t<span class=\"mkdf_icon_minus icon_minus-06\"><\/span>\n\t<\/span>\n<\/h4>\n<div class=\"mkdf-accordion-content\">\n    <div class=\"mkdf-accordion-content-inner\">\n        <p>Es imprescindible cumplir con toda la normativa con requisitos t\u00e9cnicos, legales y de derechos humanos bajo los criterios de legalidad propuestos por la OCDE en el proceso de compra y venta a trav\u00e9s de un sistema de gesti\u00f3n para el control de lavado de activos y de financiaci\u00f3n del terrorismo lo cual nos permite seguir generando prosperidad para el pa\u00eds.<\/p>    <\/div>\n<\/div><h4 class=\"mkdf-accordion-title\" >\n<span class=\"mkdf-tab-title\">Formalizaci\u00f3n Minera<\/span>\n<span class=\"mkdf-accordion-mark\">\n\t\t<span class=\"mkdf_icon_plus icon_plus\"><\/span>\n\t\t<span class=\"mkdf_icon_minus icon_minus-06\"><\/span>\n\t<\/span>\n<\/h4>\n<div class=\"mkdf-accordion-content\">\n    <div class=\"mkdf-accordion-content-inner\">\n        <p>Estamos en la responsabilidad de exigirles a nuestros proveedores y empresas que quieran trabajar con nosotros, los m\u00e1s altos est\u00e1ndares de legalidad y formalizaci\u00f3n ya que somos un instrumento de apoyo a las autoridades mineras para lograr una miner\u00eda 100 % legal en ColombiaEstamos en la responsabilidad de exigirles a nuestros proveedores y empresas que quieran trabajar con nosotros, los m\u00e1s altos est\u00e1ndares de legalidad y formalizaci\u00f3n ya que somos un instrumento de apoyo a las autoridades mineras para lograr una miner\u00eda 100 % legal en Colombia<\/p>    <\/div>\n<\/div><h4 class=\"mkdf-accordion-title\" >\n<span class=\"mkdf-tab-title\">Inclusi\u00f3n Financiera<\/span>\n<span class=\"mkdf-accordion-mark\">\n\t\t<span class=\"mkdf_icon_plus icon_plus\"><\/span>\n\t\t<span class=\"mkdf_icon_minus icon_minus-06\"><\/span>\n\t<\/span>\n<\/h4>\n<div class=\"mkdf-accordion-content\">\n    <div class=\"mkdf-accordion-content-inner\">\n        <p>Creemos en el desarrollo econ\u00f3mico del pa\u00eds, por eso promovemos programas y capacitaciones para que los mineros puedes acceder al sector financiero vi\u00e9ndose el gobierno beneficiado con pago de impuestos y mayor control para el tema de lavado de activos y financiaci\u00f3n del terrorismo.<\/p>    <\/div>\n<\/div>        <\/div>\n    \t\t<\/div>\n\t\t\t\t<\/div>\n\t\t\t\t\t<\/div>\n\t\t<\/div>\n\t\t\t\t\t\t\t<\/div>\n\t\t<\/section>\n\t\t<div class=\"mkdf-row-background-pattern-holder\"><div class=\"mkdf-row-background-pattern-left\"><\/div><div class=\"mkdf-row-background-pattern-right\"><\/div><\/div><\/div>\t\t<section class=\"elementor-section elementor-top-section elementor-element elementor-element-f069698 elementor-section-full_width elementor-section-height-default elementor-section-height-default mkdf-parallax-row-no mkdf-content-aligment-left mkdf-elementor-row-grid-no mkdf-disabled-bg-image-bellow-no mkdf-row-btt-light\" data-id=\"f069698\" data-element_type=\"section\" data-settings=\"{&quot;background_background&quot;:&quot;classic&quot;}\">\n\t\t\t\t\t\t<div class=\"elementor-container elementor-column-gap-default\">\n\t\t\t\t\t<div class=\"elementor-column elementor-col-100 elementor-top-column elementor-element elementor-element-3603d01\" data-id=\"3603d01\" data-element_type=\"column\">\n\t\t\t<div class=\"elementor-widget-wrap elementor-element-populated\">\n\t\t\t\t\t\t<div class=\"mkdf-elementor-row\" style=\"\">\t\t<section class=\"elementor-section elementor-inner-section elementor-element elementor-element-0896a5a mkdf-elementor-row-grid-section elementor-section-boxed elementor-section-height-default elementor-section-height-default mkdf-parallax-row-no mkdf-content-aligment-left mkdf-disabled-bg-image-bellow-no mkdf-row-btt-light\" data-id=\"0896a5a\" data-element_type=\"section\">\n\t\t\t\t\t\t<div class=\"elementor-container elementor-column-gap-default\">\n\t\t\t\t\t<div class=\"elementor-column elementor-col-100 elementor-inner-column elementor-element elementor-element-d839f1d\" data-id=\"d839f1d\" data-element_type=\"column\">\n\t\t\t<div class=\"elementor-widget-wrap elementor-element-populated\">\n\t\t\t\t\t\t\t\t<div class=\"elementor-element elementor-element-59093ac elementor-widget elementor-widget-text-editor\" data-id=\"59093ac\" data-element_type=\"widget\" data-widget_type=\"text-editor.default\">\n\t\t\t\t<div class=\"elementor-widget-container\">\n\t\t\t\t\t\t\t<h1 style=\"color: #fff;\">Precios oro<\/h1>\t\t\t\t\t\t<\/div>\n\t\t\t\t<\/div>\n\t\t\t\t\t<\/div>\n\t\t<\/div>\n\t\t\t\t\t\t\t<\/div>\n\t\t<\/section>\n\t\t<div class=\"mkdf-row-background-text-holder mkdf-row-background-text-front\"><div class=\"mkdf-row-background-text-wrapper mkdf-row-background-text-animation mkdf-row-background-text-align-left\"><div class=\"mkdf-row-background-text-wrapper-inner\" style=\"font-size:180px;color:#1E3C6F;-webkit-text-stroke-color:#1E3C6F;text-align:left;vertical-align:middle;padding-left:220px\" data-font-size-1440=180px data-font-size-1280=180px data-padding-left-size-1440=4.3% data-padding-left-size-1280=4.3%><div class=\"mkdf-row-background-text-1\">Projects<\/div><\/div><\/div><\/div><\/div>\t\t\t<\/div>\n\t\t<\/div>\n\t\t\t\t\t\t\t<\/div>\n\t\t<\/section>\n\t\t\t\t<section class=\"elementor-section elementor-top-section elementor-element elementor-element-d515761 elementor-section-full_width elementor-section-height-default elementor-section-height-default mkdf-parallax-row-no mkdf-content-aligment-left mkdf-elementor-row-grid-no mkdf-disabled-bg-image-bellow-no mkdf-row-btt-light\" data-id=\"d515761\" data-element_type=\"section\" data-settings=\"{&quot;background_background&quot;:&quot;classic&quot;}\">\n\t\t\t\t\t\t<div class=\"elementor-container elementor-column-gap-default\">\n\t\t\t\t\t<div class=\"elementor-column elementor-col-100 elementor-top-column elementor-element elementor-element-16cea34\" data-id=\"16cea34\" data-element_type=\"column\">\n\t\t\t<div class=\"elementor-widget-wrap elementor-element-populated\">\n\t\t\t\t\t\t\t\t<div class=\"elementor-element elementor-element-06f3979 elementor-widget elementor-widget-html\" data-id=\"06f3979\" data-element_type=\"widget\" data-widget_type=\"html.default\">\n\t\t\t\t<div class=\"elementor-widget-container\">\n\t\t\t<iframe loading=\"lazy\" height=\"600\" width=\"1800\" src=\"https:\/\/ssltvc.investing.com\/?pair_ID=8830&height=600&width=1800&interval=300&plotStyle=area&domain_ID=4&lang_ID=4&timezone_ID=12\"><\/iframe>\t\t<\/div>\n\t\t\t\t<\/div>\n\t\t\t\t\t<\/div>\n\t\t<\/div>\n\t\t\t\t\t\t\t<\/div>\n\t\t<\/section>\n\t\t\t\t\t\t<\/div>\n\t\t\t\t\t<\/div>\n\t\t","protected":false},"excerpt":{"rendered":"<p>Nosotros Quienes Somos? Somos una compa\u00f1\u00eda dedicada a la compra nacional y exportaci\u00f3n de metales preciosos, que implementa est\u00e1ndares internacionales de cumplimiento normativo y mitigaci\u00f3n de riesgos a lo largo de la cadena de suministro, que permiten el comercio justo [&hellip;]<\/p>\n","protected":false},"author":1,"featured_media":0,"parent":0,"menu_order":0,"comment_status":"closed","ping_status":"closed","template":"full-width.php","meta":{"footnotes":""},"class_list":["post-25","page","type-page","status-publish","hentry"],"_links":{"self":[{"href":"https:\/\/pathgold.co\/index.php?rest_route=\/wp\/v2\/pages\/25","targetHints":{"allow":["GET"]}}],"collection":[{"href":"https:\/\/pathgold.co\/index.php?rest_route=\/wp\/v2\/pages"}],"about":[{"href":"https:\/\/pathgold.co\/index.php?rest_route=\/wp\/v2\/types\/page"}],"author":[{"embeddable":true,"href":"https:\/\/pathgold.co\/index.php?rest_route=\/wp\/v2\/users\/1"}],"replies":[{"embeddable":true,"href":"https:\/\/pathgold.co\/index.php?rest_route=%2Fwp%2Fv2%2Fcomments&post=25"}],"version-history":[{"count":36,"href":"https:\/\/pathgold.co\/index.php?rest_route=\/wp\/v2\/pages\/25\/revisions"}],"predecessor-version":[{"id":9351,"href":"https:\/\/pathgold.co\/index.php?rest_route=\/wp\/v2\/pages\/25\/revisions\/9351"}],"wp:attachment":[{"href":"https:\/\/pathgold.co\/index.php?rest_route=%2Fwp%2Fv2%2Fmedia&parent=25"}],"curies":[{"name":"wp","href":"https:\/\/api.w.org\/{rel}","templated":true}]}}